{"id":1858,"date":"2017-09-28T20:25:52","date_gmt":"2017-09-28T20:25:52","guid":{"rendered":"https:\/\/dev.mindprocess.pt\/cedru\/about-us\/equipa\/"},"modified":"2017-10-12T05:14:29","modified_gmt":"2017-10-12T05:14:29","slug":"team","status":"publish","type":"page","link":"https:\/\/cedru.com\/en\/about-us\/team\/","title":{"rendered":"Team"},"content":{"rendered":"<p>Esta p\u00e1gina \u00e9 gerada automaticamente por c\u00f3digo. Qualquer informa\u00e7\u00e3o que aqui seja colocada n\u00e3o ir\u00e1 ser mostrada no site.<\/p>\n<p><strong>N\u00e3o apagar!<\/strong><\/p>\n","protected":false},"excerpt":{"rendered":"<p>Esta p\u00e1gina \u00e9 gerada automaticamente por c\u00f3digo. Qualquer informa\u00e7\u00e3o que aqui seja colocada n\u00e3o ir\u00e1 ser mostrada no site. N\u00e3o apagar!<\/p>\n","protected":false},"author":1,"featured_media":0,"parent":1849,"menu_order":24,"comment_status":"closed","ping_status":"closed","template":"template-equipa.php","meta":[],"acf":[],"_links":{"self":[{"href":"https:\/\/cedru.com\/en\/wp-json\/wp\/v2\/pages\/1858"}],"collection":[{"href":"https:\/\/cedru.com\/en\/wp-json\/wp\/v2\/pages"}],"about":[{"href":"https:\/\/cedru.com\/en\/wp-json\/wp\/v2\/types\/page"}],"author":[{"embeddable":true,"href":"https:\/\/cedru.com\/en\/wp-json\/wp\/v2\/users\/1"}],"replies":[{"embeddable":true,"href":"https:\/\/cedru.com\/en\/wp-json\/wp\/v2\/comments?post=1858"}],"version-history":[{"count":1,"href":"https:\/\/cedru.com\/en\/wp-json\/wp\/v2\/pages\/1858\/revisions"}],"predecessor-version":[{"id":1859,"href":"https:\/\/cedru.com\/en\/wp-json\/wp\/v2\/pages\/1858\/revisions\/1859"}],"up":[{"embeddable":true,"href":"https:\/\/cedru.com\/en\/wp-json\/wp\/v2\/pages\/1849"}],"wp:attachment":[{"href":"https:\/\/cedru.com\/en\/wp-json\/wp\/v2\/media?parent=1858"}],"curies":[{"name":"wp","href":"https:\/\/api.w.org\/{rel}","templated":true}]}}